{"id":2246,"date":"2025-05-08T12:04:05","date_gmt":"2025-05-08T03:04:05","guid":{"rendered":"https:\/\/french.sfc.keio.ac.jp\/home\/?page_id=2246"},"modified":"2025-05-08T12:05:41","modified_gmt":"2025-05-08T03:05:41","slug":"contents","status":"publish","type":"page","link":"https:\/\/french.sfc.keio.ac.jp\/home\/contents\/","title":{"rendered":"Contents"},"content":{"rendered":"\n<h2>\u5730\u57df\u8ad6\u3000Socioligie du corps<\/h2>\n<h3>\u62c5\u5f53\u8005\uff1a<span style=\"font-weight: 400;\">\u30c9\u30de\u30b8 \u30b5\u30b7\u30e3<\/span><\/h3>\n<p><span style=\"font-weight: 400;\">En s\u2019articulant autour de la th\u00e9matique du \u00ab corps \u00bb, ce cours a pour objectif de vous apprendre les diff\u00e9rents composantes du processus d\u2019incorporation de normes, \u00e0 savoir ce que l\u2019on apprend par corps : socialisation, apprentissages divers, habitus, etc.\u2028Chaque texte concernera le terrain d\u2019un sociologue ou d\u2019un anthropologue et peuvent \u00eatre chang\u00e9s en cours de semestre. \u2028\u2028L\u2019objectif de ce cours est donc de vous apprendre \u00e0 consid\u00e9rer le corps (physique et mental) comme l\u2019expression d\u2019une culture en un endroit et un temps donn\u00e9.\u2028<\/span><\/p>\n<p><span style=\"font-weight: 400;\">Crit\u00e8res d&#8217;\u00e9valuation: Participation en classe et un papier \u00e0 \u00e9crire \u00e0 la fin du semestre (2 pages minimum)<\/span><\/p>\n<p>\u00a0<\/p>\n<p><span style=\"font-weight: 400;\">\u3053\u306e\u30b3\u30fc\u30b9\u3067\u306f\u3001\u300c\u8eab\u4f53\u300d\u3068\u3044\u3046\u30c6\u30fc\u30de\u306b\u7126\u70b9\u3092\u5f53\u3066\u3001\u898f\u7bc4\u3092\u53d6\u308a\u8fbc\u3080\u30d7\u30ed\u30bb\u30b9\u306e\u3055\u307e\u3056\u307e\u306a\u69cb\u6210\u8981\u7d20\u3001\u3059\u306a\u308f\u3061\u8eab\u4f53\u306b\u3088\u3063\u3066\u5b66\u3070\u308c\u308b\u3082\u306e\uff08\u793e\u4f1a\u5316\u3001\u3055\u307e\u3056\u307e\u306a\u5b66\u7fd2\u3001\u30a2\u30d3\u30c8\u30a5\u30b9\u306a\u3069\uff09\u306b\u3064\u3044\u3066\u5b66\u3076\u3053\u3068\u3092\u76ee\u7684\u3068\u3057\u3066\u3044\u307e\u3059\u3002\u5404\u30c6\u30ad\u30b9\u30c8\u306f\u793e\u4f1a\u5b66\u8005\u307e\u305f\u306f\u4eba\u985e\u5b66\u8005\u306e\u5206\u91ce\u306b\u95a2\u3059\u308b\u3082\u306e\u3067\u3042\u308a\u3001\u5b66\u671f\u4e2d\u306b\u5909\u66f4\u3055\u308c\u308b\u53ef\u80fd\u6027\u304c\u3042\u308a\u307e\u3059\u3002<br \/><\/span><span style=\"font-weight: 400;\">\u3053\u306e\u30b3\u30fc\u30b9\u306e\u76ee\u7684\u306f\u3001\u8eab\u4f53\uff08\u8089\u4f53\u7684\u30fb\u7cbe\u795e\u7684\uff09\u3092\u3001\u3042\u308b\u6642\u4ee3\u30fb\u3042\u308b\u5834\u6240\u306b\u304a\u3051\u308b\u6587\u5316\u306e\u8868\u73fe\u3068\u3057\u3066\u306e\u8003\u3048\u65b9\u3092\u77e5\u308b\u3053\u3068\u3067\u3059\u3002<\/span><\/p>\n<p><span style=\"font-weight: 400;\">\u8a55\u4fa1\u57fa\u6e96: \u6388\u696d\u3078\u306e\u53c2\u52a0\u3068\u5b66\u671f\u672b\u306b\u63d0\u51fa\u3059\u308b\u30ec\u30dd\u30fc\u30c8\uff08\u6700\u4f4e2\u30da\u30fc\u30b8\uff09<\/span><\/p>\n\n\n\n<hr class=\"wp-block-separator has-alpha-channel-opacity is-style-wide\" style=\"margin-top:var(--wp--preset--spacing--50);margin-bottom:var(--wp--preset--spacing--50)\"\/>\n\n\n\n<h2>\u793e\u4f1a\u8ad6<\/h2>\n<h3>\u62c5\u5f53\u8005\uff1a<span style=\"font-weight: 400;\">\u30c9\u30de\u30b8 \u30b5\u30b7\u30e3<\/span><\/h3>\n<p><span style=\"font-weight: 400;\">Qu\u2019est-ce que signifie \u00eatre \u00ab \u00e9tranger \u00bb ? Est-ce vivre dans un pays diff\u00e9rent de celui d\u2019o\u00f9 nous sommes originaires ? Si oui, comment avons-nous int\u00e9gr\u00e9 cette \u00ab origine \u00bb pour d\u00e9finir notre identit\u00e9 culturelle ?\u2028\u00catre \u00ab \u00e9tranger \u00bb serait l\u2019incorporation de notre culture et notre milieu social dans une situation o\u00f9 les personnes que nous rencontrons nous renverraient, tel un miroir d\u00e9form\u00e9 et d\u00e9formant, le reflet de notre alt\u00e9rit\u00e9, voire pire, de notre exotisme. Pour r\u00e9pondre \u00e0 ces questions, nous appuierons notre r\u00e9flexion sur des travaux d\u2019historiens, d\u2019anthropologues et de sociologues.<\/span><\/p>\n<p><span style=\"font-weight: 400;\">Nous lirons un texte d&#8217;environ quatre pages par semaine.\u3000<br \/><\/span><span style=\"font-weight: 400;\">Seront not\u00e9s votre pr\u00e9sence, votre participation et un papier de deux pages minimum que vous devrez \u00e9crire avant la fin du semestre.<\/span><\/p>\n<p>\u00a0<\/p>\n<p><span style=\"font-weight: 400;\">\u300c\u5916\u56fd\u4eba\u300d\u3067\u3042\u308b\u3068\u306f\u3069\u3046\u3044\u3046\u610f\u5473\u3060\u308d\u3046\u304b\uff1f\u305d\u308c\u306f\u81ea\u5206\u306e\u51fa\u8eab\u56fd\u3068\u306f\u7570\u306a\u308b\u56fd\u306b\u4f4f\u3093\u3067\u3044\u308b\u3053\u3068\u306a\u306e\u3060\u308d\u3046\u304b\uff1f\u3082\u3057\u305d\u3046\u306a\u3089\u3001\u79c1\u305f\u3061\u306f\u305d\u306e\u300c\u51fa\u8eab\u300d\u3068\u3044\u3046\u8981\u7d20\u3092\u3069\u306e\u3088\u3046\u306b\u53d6\u308a\u5165\u308c\u3066\u3001\u81ea\u3089\u306e\u6587\u5316\u7684\u30a2\u30a4\u30c7\u30f3\u30c6\u30a3\u30c6\u30a3\u3092\u5f62\u3065\u304f\u3063\u3066\u3044\u308b\u306e\u3060\u308d\u3046\u304b\uff1f<br \/><\/span><span style=\"font-weight: 400;\">\u300c\u5916\u56fd\u4eba\u300d\u3067\u3042\u308b\u3068\u3044\u3046\u3053\u3068\u306f\u3001\u79c1\u305f\u3061\u81ea\u8eab\u306e\u6587\u5316\u3084\u793e\u4f1a\u7684\u80cc\u666f\u304c\u3001\u51fa\u4f1a\u3046\u4ed6\u8005\u305f\u3061\u306b\u3088\u3063\u3066\u3001\u3086\u304c\u3081\u3089\u308c\u305f\u93e1\u306e\u3088\u3046\u306b\u7570\u8cea\u3055\u3084\u3001\u3055\u3089\u306b\u306f\u7570\u56fd\u60c5\u7dd2\u3068\u3057\u3066\u6620\u3057\u8fd4\u3055\u308c\u308b\u72b6\u6cc1\u306b\u7f6e\u304b\u308c\u308b\u3053\u3068\u306a\u306e\u304b\u3082\u3057\u308c\u306a\u3044\u3002<br \/><\/span><span style=\"font-weight: 400;\">\u3053\u306e\u554f\u3044\u306b\u7b54\u3048\u308b\u305f\u3081\u306b\u3001\u79c1\u305f\u3061\u306f\u6b74\u53f2\u5bb6\u3001\u4eba\u985e\u5b66\u8005\u3001\u793e\u4f1a\u5b66\u8005\u306e\u7814\u7a76\u3092\u3082\u3068\u306b\u8003\u5bdf\u3092\u9032\u3081\u3066\u3044\u304f\u3002<\/span><\/p>\n<p><span style=\"font-weight: 400;\">\u6bce\u9031\u7d044\u30da\u30fc\u30b8\u306e\u30c6\u30ad\u30b9\u30c8\u3092\u8aad\u307f\u307e\u3059\u3002<br \/><\/span><span style=\"font-weight: 400;\">\u3042\u306a\u305f\u306e\u51fa\u5e2d\u72b6\u6cc1\u3001\u53c2\u52a0\u72b6\u6cc1\u3001\u305d\u3057\u3066\u5b66\u671f\u672b\u307e\u3067\u306b\u6700\u4f4e 2 \u30da\u30fc\u30b8\u306e\u8ad6\u6587\u3092\u66f8\u3044\u3066\u63d0\u51fa\u3057\u305f\u3053\u3068\u304c\u8a18\u9332\u3055\u308c\u307e\u3059\u3002<\/span><\/p>\n<p>\u00a0<\/p>\n","protected":false},"excerpt":{"rendered":"<p>\u5730\u57df\u8ad6\u3000Socioligie du corps \u62c5\u5f53\u8005\uff1a\u30c9\u30de\u30b8 \u30b5\u30b7\u30e3 En s\u2019articulant autour de la th\u00e9matique du \u00ab corps \u00bb, ce cours a pour obje [&hellip;]<\/p>\n","protected":false},"author":1,"featured_media":0,"parent":0,"menu_order":0,"comment_status":"closed","ping_status":"closed","template":"","meta":{"footnotes":""},"class_list":["post-2246","page","type-page","status-publish","hentry"],"aioseo_notices":[],"_links":{"self":[{"href":"https:\/\/french.sfc.keio.ac.jp\/home\/wp-json\/wp\/v2\/pages\/2246"}],"collection":[{"href":"https:\/\/french.sfc.keio.ac.jp\/home\/wp-json\/wp\/v2\/pages"}],"about":[{"href":"https:\/\/french.sfc.keio.ac.jp\/home\/wp-json\/wp\/v2\/types\/page"}],"author":[{"embeddable":true,"href":"https:\/\/french.sfc.keio.ac.jp\/home\/wp-json\/wp\/v2\/users\/1"}],"replies":[{"embeddable":true,"href":"https:\/\/french.sfc.keio.ac.jp\/home\/wp-json\/wp\/v2\/comments?post=2246"}],"version-history":[{"count":5,"href":"https:\/\/french.sfc.keio.ac.jp\/home\/wp-json\/wp\/v2\/pages\/2246\/revisions"}],"predecessor-version":[{"id":2280,"href":"https:\/\/french.sfc.keio.ac.jp\/home\/wp-json\/wp\/v2\/pages\/2246\/revisions\/2280"}],"wp:attachment":[{"href":"https:\/\/french.sfc.keio.ac.jp\/home\/wp-json\/wp\/v2\/media?parent=2246"}],"curies":[{"name":"wp","href":"https:\/\/api.w.org\/{rel}","templated":true}]}}